{"id":1257,"date":"2025-02-26T16:02:05","date_gmt":"2025-02-26T21:02:05","guid":{"rendered":"https:\/\/psychsafety.workplaceoptions.com\/evaluaciones\/"},"modified":"2025-06-25T07:24:00","modified_gmt":"2025-06-25T11:24:00","slug":"evaluaciones","status":"publish","type":"page","link":"https:\/\/psychsafety.workplaceoptions.com\/es\/evaluaciones\/","title":{"rendered":"Evaluaciones"},"content":{"rendered":"\n<p>Esta es la plantilla por defecto.<\/p>\n\n<p><\/p>\n","protected":false},"excerpt":{"rendered":"<p>Las evaluaciones de la seguridad psicol\u00f3gica proporcionan informaci\u00f3n cr\u00edtica sobre la confianza, la comunicaci\u00f3n y la inclusi\u00f3n de los equipos. Al identificar las barreras a la apertura y la colaboraci\u00f3n, las organizaciones pueden abordar los problemas de forma proactiva, fomentar la innovaci\u00f3n y mejorar el compromiso. Nuestras evaluaciones capacitan a los l\u00edderes para crear una cultura en la que los empleados se sientan seguros para hablar, asumir riesgos y contribuir al \u00e9xito empresarial.  <\/p>\n","protected":false},"author":1,"featured_media":1070,"parent":0,"menu_order":5,"comment_status":"closed","ping_status":"closed","template":"","meta":{"_acf_changed":false,"footnotes":""},"class_list":["post-1257","page","type-page","status-publish","has-post-thumbnail","hentry"],"acf":[],"yoast_head":"<!-- This site is optimized with the Yoast SEO plugin v27.4 - https:\/\/yoast.com\/product\/yoast-seo-wordpress\/ -->\n<title>Evaluaciones psicol\u00f3gicas de seguridad en el lugar de trabajo<\/title>\n<meta name=\"description\" content=\"Las evaluaciones de la seguridad psicol\u00f3gica proporcionan informaci\u00f3n cr\u00edtica sobre la confianza, la comunicaci\u00f3n y la inclusi\u00f3n de los equipos. Nuestras evaluaciones capacitan a los l\u00edderes para crear una cultura en la que los empleados se sientan seguros para hablar, asumir riesgos y contribuir al \u00e9xito empresarial.\" \/>\n<meta name=\"robots\" content=\"index, follow, max-snippet:-1, max-image-preview:large, max-video-preview:-1\" \/>\n<link rel=\"canonical\" href=\"https:\/\/psychsafety.workplaceoptions.com\/es\/evaluaciones\/\" \/>\n<meta property=\"og:locale\" content=\"es_ES\" \/>\n<meta property=\"og:type\" content=\"article\" \/>\n<meta property=\"og:title\" content=\"Evaluaciones psicol\u00f3gicas de seguridad en el lugar de trabajo\" \/>\n<meta property=\"og:description\" content=\"Las evaluaciones de la seguridad psicol\u00f3gica proporcionan informaci\u00f3n cr\u00edtica sobre la confianza, la comunicaci\u00f3n y la inclusi\u00f3n de los equipos. Nuestras evaluaciones capacitan a los l\u00edderes para crear una cultura en la que los empleados se sientan seguros para hablar, asumir riesgos y contribuir al \u00e9xito empresarial.\" \/>\n<meta property=\"og:url\" content=\"https:\/\/psychsafety.workplaceoptions.com\/es\/evaluaciones\/\" \/>\n<meta property=\"og:site_name\" content=\"Psychological Safety\" \/>\n<meta property=\"article:modified_time\" content=\"2025-06-25T11:24:00+00:00\" \/>\n<meta property=\"og:image\" content=\"https:\/\/psychsafety.workplaceoptions.com\/wp-content\/uploads\/2025\/03\/team-meeting.jpg\" \/>\n\t<meta property=\"og:image:width\" content=\"2400\" \/>\n\t<meta property=\"og:image:height\" content=\"1464\" \/>\n\t<meta property=\"og:image:type\" content=\"image\/jpeg\" \/>\n<meta name=\"twitter:card\" content=\"summary_large_image\" \/>\n<script type=\"application\/ld+json\" class=\"yoast-schema-graph\">{\"@context\":\"https:\\\/\\\/schema.org\",\"@graph\":[{\"@type\":\"WebPage\",\"@id\":\"https:\\\/\\\/psychsafety.workplaceoptions.com\\\/es\\\/evaluaciones\\\/\",\"url\":\"https:\\\/\\\/psychsafety.workplaceoptions.com\\\/es\\\/evaluaciones\\\/\",\"name\":\"Evaluaciones psicol\u00f3gicas de seguridad en el lugar de trabajo\",\"isPartOf\":{\"@id\":\"https:\\\/\\\/psychsafety.workplaceoptions.com\\\/es\\\/#website\"},\"primaryImageOfPage\":{\"@id\":\"https:\\\/\\\/psychsafety.workplaceoptions.com\\\/es\\\/evaluaciones\\\/#primaryimage\"},\"image\":{\"@id\":\"https:\\\/\\\/psychsafety.workplaceoptions.com\\\/es\\\/evaluaciones\\\/#primaryimage\"},\"thumbnailUrl\":\"https:\\\/\\\/psychsafety.workplaceoptions.com\\\/wp-content\\\/uploads\\\/2025\\\/03\\\/team-meeting.jpg\",\"datePublished\":\"2025-02-26T21:02:05+00:00\",\"dateModified\":\"2025-06-25T11:24:00+00:00\",\"description\":\"Las evaluaciones de la seguridad psicol\u00f3gica proporcionan informaci\u00f3n cr\u00edtica sobre la confianza, la comunicaci\u00f3n y la inclusi\u00f3n de los equipos. Nuestras evaluaciones capacitan a los l\u00edderes para crear una cultura en la que los empleados se sientan seguros para hablar, asumir riesgos y contribuir al \u00e9xito empresarial.\",\"breadcrumb\":{\"@id\":\"https:\\\/\\\/psychsafety.workplaceoptions.com\\\/es\\\/evaluaciones\\\/#breadcrumb\"},\"inLanguage\":\"es\",\"potentialAction\":[{\"@type\":\"ReadAction\",\"target\":[\"https:\\\/\\\/psychsafety.workplaceoptions.com\\\/es\\\/evaluaciones\\\/\"]}]},{\"@type\":\"ImageObject\",\"inLanguage\":\"es\",\"@id\":\"https:\\\/\\\/psychsafety.workplaceoptions.com\\\/es\\\/evaluaciones\\\/#primaryimage\",\"url\":\"https:\\\/\\\/psychsafety.workplaceoptions.com\\\/wp-content\\\/uploads\\\/2025\\\/03\\\/team-meeting.jpg\",\"contentUrl\":\"https:\\\/\\\/psychsafety.workplaceoptions.com\\\/wp-content\\\/uploads\\\/2025\\\/03\\\/team-meeting.jpg\",\"width\":2400,\"height\":1464},{\"@type\":\"BreadcrumbList\",\"@id\":\"https:\\\/\\\/psychsafety.workplaceoptions.com\\\/es\\\/evaluaciones\\\/#breadcrumb\",\"itemListElement\":[{\"@type\":\"ListItem\",\"position\":1,\"name\":\"Home\",\"item\":\"https:\\\/\\\/psychsafety.workplaceoptions.com\\\/es\\\/inicio\\\/\"},{\"@type\":\"ListItem\",\"position\":2,\"name\":\"Evaluaciones\"}]},{\"@type\":\"WebSite\",\"@id\":\"https:\\\/\\\/psychsafety.workplaceoptions.com\\\/es\\\/#website\",\"url\":\"https:\\\/\\\/psychsafety.workplaceoptions.com\\\/es\\\/\",\"name\":\"Psychological Safety\",\"description\":\"\",\"potentialAction\":[{\"@type\":\"SearchAction\",\"target\":{\"@type\":\"EntryPoint\",\"urlTemplate\":\"https:\\\/\\\/psychsafety.workplaceoptions.com\\\/es\\\/?s={search_term_string}\"},\"query-input\":{\"@type\":\"PropertyValueSpecification\",\"valueRequired\":true,\"valueName\":\"search_term_string\"}}],\"inLanguage\":\"es\"}]}<\/script>\n<!-- \/ Yoast SEO plugin. -->","yoast_head_json":{"title":"Evaluaciones psicol\u00f3gicas de seguridad en el lugar de trabajo","description":"Las evaluaciones de la seguridad psicol\u00f3gica proporcionan informaci\u00f3n cr\u00edtica sobre la confianza, la comunicaci\u00f3n y la inclusi\u00f3n de los equipos. Nuestras evaluaciones capacitan a los l\u00edderes para crear una cultura en la que los empleados se sientan seguros para hablar, asumir riesgos y contribuir al \u00e9xito empresarial.","robots":{"index":"index","follow":"follow","max-snippet":"max-snippet:-1","max-image-preview":"max-image-preview:large","max-video-preview":"max-video-preview:-1"},"canonical":"https:\/\/psychsafety.workplaceoptions.com\/es\/evaluaciones\/","og_locale":"es_ES","og_type":"article","og_title":"Evaluaciones psicol\u00f3gicas de seguridad en el lugar de trabajo","og_description":"Las evaluaciones de la seguridad psicol\u00f3gica proporcionan informaci\u00f3n cr\u00edtica sobre la confianza, la comunicaci\u00f3n y la inclusi\u00f3n de los equipos. Nuestras evaluaciones capacitan a los l\u00edderes para crear una cultura en la que los empleados se sientan seguros para hablar, asumir riesgos y contribuir al \u00e9xito empresarial.","og_url":"https:\/\/psychsafety.workplaceoptions.com\/es\/evaluaciones\/","og_site_name":"Psychological Safety","article_modified_time":"2025-06-25T11:24:00+00:00","og_image":[{"width":2400,"height":1464,"url":"https:\/\/psychsafety.workplaceoptions.com\/wp-content\/uploads\/2025\/03\/team-meeting.jpg","type":"image\/jpeg"}],"twitter_card":"summary_large_image","schema":{"@context":"https:\/\/schema.org","@graph":[{"@type":"WebPage","@id":"https:\/\/psychsafety.workplaceoptions.com\/es\/evaluaciones\/","url":"https:\/\/psychsafety.workplaceoptions.com\/es\/evaluaciones\/","name":"Evaluaciones psicol\u00f3gicas de seguridad en el lugar de trabajo","isPartOf":{"@id":"https:\/\/psychsafety.workplaceoptions.com\/es\/#website"},"primaryImageOfPage":{"@id":"https:\/\/psychsafety.workplaceoptions.com\/es\/evaluaciones\/#primaryimage"},"image":{"@id":"https:\/\/psychsafety.workplaceoptions.com\/es\/evaluaciones\/#primaryimage"},"thumbnailUrl":"https:\/\/psychsafety.workplaceoptions.com\/wp-content\/uploads\/2025\/03\/team-meeting.jpg","datePublished":"2025-02-26T21:02:05+00:00","dateModified":"2025-06-25T11:24:00+00:00","description":"Las evaluaciones de la seguridad psicol\u00f3gica proporcionan informaci\u00f3n cr\u00edtica sobre la confianza, la comunicaci\u00f3n y la inclusi\u00f3n de los equipos. Nuestras evaluaciones capacitan a los l\u00edderes para crear una cultura en la que los empleados se sientan seguros para hablar, asumir riesgos y contribuir al \u00e9xito empresarial.","breadcrumb":{"@id":"https:\/\/psychsafety.workplaceoptions.com\/es\/evaluaciones\/#breadcrumb"},"inLanguage":"es","potentialAction":[{"@type":"ReadAction","target":["https:\/\/psychsafety.workplaceoptions.com\/es\/evaluaciones\/"]}]},{"@type":"ImageObject","inLanguage":"es","@id":"https:\/\/psychsafety.workplaceoptions.com\/es\/evaluaciones\/#primaryimage","url":"https:\/\/psychsafety.workplaceoptions.com\/wp-content\/uploads\/2025\/03\/team-meeting.jpg","contentUrl":"https:\/\/psychsafety.workplaceoptions.com\/wp-content\/uploads\/2025\/03\/team-meeting.jpg","width":2400,"height":1464},{"@type":"BreadcrumbList","@id":"https:\/\/psychsafety.workplaceoptions.com\/es\/evaluaciones\/#breadcrumb","itemListElement":[{"@type":"ListItem","position":1,"name":"Home","item":"https:\/\/psychsafety.workplaceoptions.com\/es\/inicio\/"},{"@type":"ListItem","position":2,"name":"Evaluaciones"}]},{"@type":"WebSite","@id":"https:\/\/psychsafety.workplaceoptions.com\/es\/#website","url":"https:\/\/psychsafety.workplaceoptions.com\/es\/","name":"Psychological Safety","description":"","potentialAction":[{"@type":"SearchAction","target":{"@type":"EntryPoint","urlTemplate":"https:\/\/psychsafety.workplaceoptions.com\/es\/?s={search_term_string}"},"query-input":{"@type":"PropertyValueSpecification","valueRequired":true,"valueName":"search_term_string"}}],"inLanguage":"es"}]}},"_links":{"self":[{"href":"https:\/\/psychsafety.workplaceoptions.com\/es\/wp-json\/wp\/v2\/pages\/1257","targetHints":{"allow":["GET"]}}],"collection":[{"href":"https:\/\/psychsafety.workplaceoptions.com\/es\/wp-json\/wp\/v2\/pages"}],"about":[{"href":"https:\/\/psychsafety.workplaceoptions.com\/es\/wp-json\/wp\/v2\/types\/page"}],"author":[{"embeddable":true,"href":"https:\/\/psychsafety.workplaceoptions.com\/es\/wp-json\/wp\/v2\/users\/1"}],"replies":[{"embeddable":true,"href":"https:\/\/psychsafety.workplaceoptions.com\/es\/wp-json\/wp\/v2\/comments?post=1257"}],"version-history":[{"count":2,"href":"https:\/\/psychsafety.workplaceoptions.com\/es\/wp-json\/wp\/v2\/pages\/1257\/revisions"}],"predecessor-version":[{"id":1259,"href":"https:\/\/psychsafety.workplaceoptions.com\/es\/wp-json\/wp\/v2\/pages\/1257\/revisions\/1259"}],"wp:featuredmedia":[{"embeddable":true,"href":"https:\/\/psychsafety.workplaceoptions.com\/es\/wp-json\/wp\/v2\/media\/1070"}],"wp:attachment":[{"href":"https:\/\/psychsafety.workplaceoptions.com\/es\/wp-json\/wp\/v2\/media?parent=1257"}],"curies":[{"name":"wp","href":"https:\/\/api.w.org\/{rel}","templated":true}]}}