{"id":1266,"date":"2025-02-26T16:04:05","date_gmt":"2025-02-26T21:04:05","guid":{"rendered":"https:\/\/psychsafety.workplaceoptions.com\/acerca-de\/"},"modified":"2025-06-25T07:25:42","modified_gmt":"2025-06-25T11:25:42","slug":"acerca-de","status":"publish","type":"page","link":"https:\/\/psychsafety.workplaceoptions.com\/es\/acerca-de\/","title":{"rendered":"Acerca de"},"content":{"rendered":"\n<p>Lorem ipsum dolor sit amet, consectetur adipiscing elit. Ut ut ante euismod, sollicitudin libero a, venenatis est. Cras elit eros, finibus quis convallis quis, commodo ac lectus. Maecenas nisi metus, rhoncus id porttitor tempor, euismod ut tortor. Pellentesque ultricies congue turpis, ut semper sem cursus sodales. Proin ultrices volutpat elit, sed sagittis augue varius nec. Morbi sed velit sem. Curabitur vehicula mi ac ligula mattis porttitor. Donec scelerisque leo at sagittis hendrerit. Vestibulum at sem nec arcu mollis sodales id nec ante. In velit turpis, posuere at pulvinar quis, ornare vitae dolor. Fusce nec urna placerat, pretium orci ut, malesuada urna. Aenean euismod consectetur ex congue condimentum. Integer mollis laoreet sapien, in tincidunt lectus iaculis eget.             <\/p>\n","protected":false},"excerpt":{"rendered":"<p>Crear un lugar de trabajo psicol\u00f3gicamente seguro puede ser un reto. Somos tu socio estrat\u00e9gico en el camino hacia una organizaci\u00f3n de alto rendimiento que ofrezca resultados. <\/p>\n","protected":false},"author":1,"featured_media":0,"parent":0,"menu_order":2,"comment_status":"closed","ping_status":"closed","template":"","meta":{"_acf_changed":false,"footnotes":""},"class_list":["post-1266","page","type-page","status-publish","hentry"],"acf":[],"yoast_head":"<!-- This site is optimized with the Yoast SEO plugin v27.4 - https:\/\/yoast.com\/product\/yoast-seo-wordpress\/ -->\n<title>El enfoque del Centro para la Eficacia Organizativa sobre la creaci\u00f3n de seguridad psicol\u00f3gica<\/title>\n<meta name=\"description\" content=\"Crear un lugar de trabajo psicol\u00f3gicamente seguro puede ser un reto. Somos tu socio estrat\u00e9gico en el camino hacia una organizaci\u00f3n de alto rendimiento que ofrezca resultados.\" \/>\n<meta name=\"robots\" content=\"index, follow, max-snippet:-1, max-image-preview:large, max-video-preview:-1\" \/>\n<link rel=\"canonical\" href=\"https:\/\/psychsafety.workplaceoptions.com\/es\/acerca-de\/\" \/>\n<meta property=\"og:locale\" content=\"es_ES\" \/>\n<meta property=\"og:type\" content=\"article\" \/>\n<meta property=\"og:title\" content=\"El enfoque del Centro para la Eficacia Organizativa sobre la creaci\u00f3n de seguridad psicol\u00f3gica\" \/>\n<meta property=\"og:description\" content=\"Crear un lugar de trabajo psicol\u00f3gicamente seguro puede ser un reto. Somos tu socio estrat\u00e9gico en el camino hacia una organizaci\u00f3n de alto rendimiento que ofrezca resultados.\" \/>\n<meta property=\"og:url\" content=\"https:\/\/psychsafety.workplaceoptions.com\/es\/acerca-de\/\" \/>\n<meta property=\"og:site_name\" content=\"Psychological Safety\" \/>\n<meta property=\"article:modified_time\" content=\"2025-06-25T11:25:42+00:00\" \/>\n<meta name=\"twitter:card\" content=\"summary_large_image\" \/>\n<meta name=\"twitter:label1\" content=\"Tiempo de lectura\" \/>\n\t<meta name=\"twitter:data1\" content=\"1 minuto\" \/>\n<script type=\"application\/ld+json\" class=\"yoast-schema-graph\">{\"@context\":\"https:\\\/\\\/schema.org\",\"@graph\":[{\"@type\":\"WebPage\",\"@id\":\"https:\\\/\\\/psychsafety.workplaceoptions.com\\\/es\\\/acerca-de\\\/\",\"url\":\"https:\\\/\\\/psychsafety.workplaceoptions.com\\\/es\\\/acerca-de\\\/\",\"name\":\"El enfoque del Centro para la Eficacia Organizativa sobre la creaci\u00f3n de seguridad psicol\u00f3gica\",\"isPartOf\":{\"@id\":\"https:\\\/\\\/psychsafety.workplaceoptions.com\\\/es\\\/#website\"},\"datePublished\":\"2025-02-26T21:04:05+00:00\",\"dateModified\":\"2025-06-25T11:25:42+00:00\",\"description\":\"Crear un lugar de trabajo psicol\u00f3gicamente seguro puede ser un reto. Somos tu socio estrat\u00e9gico en el camino hacia una organizaci\u00f3n de alto rendimiento que ofrezca resultados.\",\"breadcrumb\":{\"@id\":\"https:\\\/\\\/psychsafety.workplaceoptions.com\\\/es\\\/acerca-de\\\/#breadcrumb\"},\"inLanguage\":\"es\",\"potentialAction\":[{\"@type\":\"ReadAction\",\"target\":[\"https:\\\/\\\/psychsafety.workplaceoptions.com\\\/es\\\/acerca-de\\\/\"]}]},{\"@type\":\"BreadcrumbList\",\"@id\":\"https:\\\/\\\/psychsafety.workplaceoptions.com\\\/es\\\/acerca-de\\\/#breadcrumb\",\"itemListElement\":[{\"@type\":\"ListItem\",\"position\":1,\"name\":\"Home\",\"item\":\"https:\\\/\\\/psychsafety.workplaceoptions.com\\\/es\\\/inicio\\\/\"},{\"@type\":\"ListItem\",\"position\":2,\"name\":\"Acerca de\"}]},{\"@type\":\"WebSite\",\"@id\":\"https:\\\/\\\/psychsafety.workplaceoptions.com\\\/es\\\/#website\",\"url\":\"https:\\\/\\\/psychsafety.workplaceoptions.com\\\/es\\\/\",\"name\":\"Psychological Safety\",\"description\":\"\",\"potentialAction\":[{\"@type\":\"SearchAction\",\"target\":{\"@type\":\"EntryPoint\",\"urlTemplate\":\"https:\\\/\\\/psychsafety.workplaceoptions.com\\\/es\\\/?s={search_term_string}\"},\"query-input\":{\"@type\":\"PropertyValueSpecification\",\"valueRequired\":true,\"valueName\":\"search_term_string\"}}],\"inLanguage\":\"es\"}]}<\/script>\n<!-- \/ Yoast SEO plugin. -->","yoast_head_json":{"title":"El enfoque del Centro para la Eficacia Organizativa sobre la creaci\u00f3n de seguridad psicol\u00f3gica","description":"Crear un lugar de trabajo psicol\u00f3gicamente seguro puede ser un reto. Somos tu socio estrat\u00e9gico en el camino hacia una organizaci\u00f3n de alto rendimiento que ofrezca resultados.","robots":{"index":"index","follow":"follow","max-snippet":"max-snippet:-1","max-image-preview":"max-image-preview:large","max-video-preview":"max-video-preview:-1"},"canonical":"https:\/\/psychsafety.workplaceoptions.com\/es\/acerca-de\/","og_locale":"es_ES","og_type":"article","og_title":"El enfoque del Centro para la Eficacia Organizativa sobre la creaci\u00f3n de seguridad psicol\u00f3gica","og_description":"Crear un lugar de trabajo psicol\u00f3gicamente seguro puede ser un reto. Somos tu socio estrat\u00e9gico en el camino hacia una organizaci\u00f3n de alto rendimiento que ofrezca resultados.","og_url":"https:\/\/psychsafety.workplaceoptions.com\/es\/acerca-de\/","og_site_name":"Psychological Safety","article_modified_time":"2025-06-25T11:25:42+00:00","twitter_card":"summary_large_image","twitter_misc":{"Tiempo de lectura":"1 minuto"},"schema":{"@context":"https:\/\/schema.org","@graph":[{"@type":"WebPage","@id":"https:\/\/psychsafety.workplaceoptions.com\/es\/acerca-de\/","url":"https:\/\/psychsafety.workplaceoptions.com\/es\/acerca-de\/","name":"El enfoque del Centro para la Eficacia Organizativa sobre la creaci\u00f3n de seguridad psicol\u00f3gica","isPartOf":{"@id":"https:\/\/psychsafety.workplaceoptions.com\/es\/#website"},"datePublished":"2025-02-26T21:04:05+00:00","dateModified":"2025-06-25T11:25:42+00:00","description":"Crear un lugar de trabajo psicol\u00f3gicamente seguro puede ser un reto. Somos tu socio estrat\u00e9gico en el camino hacia una organizaci\u00f3n de alto rendimiento que ofrezca resultados.","breadcrumb":{"@id":"https:\/\/psychsafety.workplaceoptions.com\/es\/acerca-de\/#breadcrumb"},"inLanguage":"es","potentialAction":[{"@type":"ReadAction","target":["https:\/\/psychsafety.workplaceoptions.com\/es\/acerca-de\/"]}]},{"@type":"BreadcrumbList","@id":"https:\/\/psychsafety.workplaceoptions.com\/es\/acerca-de\/#breadcrumb","itemListElement":[{"@type":"ListItem","position":1,"name":"Home","item":"https:\/\/psychsafety.workplaceoptions.com\/es\/inicio\/"},{"@type":"ListItem","position":2,"name":"Acerca de"}]},{"@type":"WebSite","@id":"https:\/\/psychsafety.workplaceoptions.com\/es\/#website","url":"https:\/\/psychsafety.workplaceoptions.com\/es\/","name":"Psychological Safety","description":"","potentialAction":[{"@type":"SearchAction","target":{"@type":"EntryPoint","urlTemplate":"https:\/\/psychsafety.workplaceoptions.com\/es\/?s={search_term_string}"},"query-input":{"@type":"PropertyValueSpecification","valueRequired":true,"valueName":"search_term_string"}}],"inLanguage":"es"}]}},"_links":{"self":[{"href":"https:\/\/psychsafety.workplaceoptions.com\/es\/wp-json\/wp\/v2\/pages\/1266","targetHints":{"allow":["GET"]}}],"collection":[{"href":"https:\/\/psychsafety.workplaceoptions.com\/es\/wp-json\/wp\/v2\/pages"}],"about":[{"href":"https:\/\/psychsafety.workplaceoptions.com\/es\/wp-json\/wp\/v2\/types\/page"}],"author":[{"embeddable":true,"href":"https:\/\/psychsafety.workplaceoptions.com\/es\/wp-json\/wp\/v2\/users\/1"}],"replies":[{"embeddable":true,"href":"https:\/\/psychsafety.workplaceoptions.com\/es\/wp-json\/wp\/v2\/comments?post=1266"}],"version-history":[{"count":1,"href":"https:\/\/psychsafety.workplaceoptions.com\/es\/wp-json\/wp\/v2\/pages\/1266\/revisions"}],"predecessor-version":[{"id":1267,"href":"https:\/\/psychsafety.workplaceoptions.com\/es\/wp-json\/wp\/v2\/pages\/1266\/revisions\/1267"}],"wp:attachment":[{"href":"https:\/\/psychsafety.workplaceoptions.com\/es\/wp-json\/wp\/v2\/media?parent=1266"}],"curies":[{"name":"wp","href":"https:\/\/api.w.org\/{rel}","templated":true}]}}